{"id":23,"date":"2024-11-22T20:11:13","date_gmt":"2024-11-22T20:11:13","guid":{"rendered":"https:\/\/goldsmiley.com\/start\/"},"modified":"2025-10-05T12:09:05","modified_gmt":"2025-10-05T12:09:05","slug":"start","status":"publish","type":"page","link":"https:\/\/goldsmiley.com\/de\/","title":{"rendered":"Verleihen Sie Ihrem Zuhause Stil \u2013 Kunstwerke von Gold Smiley kaufen."},"content":{"rendered":"\n<div class=\"wp-block-group alignfull has-background-color has-foreground-background-color has-text-color has-background has-global-padding is-layout-constrained wp-container-core-group-is-layout-65cc44b9 wp-block-group-is-layout-constrained\" style=\"margin-top:0;margin-bottom:0;padding-top:0;padding-right:0;padding-bottom:0;padding-left:0\">\n<div class=\"wp-block-media-text alignfull has-media-on-the-right is-stacked-on-mobile is-image-fill-element\" style=\"grid-template-columns:auto 40%\"><div class=\"wp-block-media-text__content\">\n<div class=\"wp-block-group has-global-padding is-content-justification-right is-layout-constrained wp-container-core-group-is-layout-937edda4 wp-block-group-is-layout-constrained\" style=\"padding-top:var(--wp--preset--spacing--80);padding-right:0;padding-bottom:var(--wp--preset--spacing--80);padding-left:0\">\n<h2 class=\"wp-block-heading has-background-color has-text-color\" style=\"margin-top:12px\">Willkommen in der Welt der zeitgen\u00f6ssischen Kunst<\/h2>\n\n\n\n<p class=\"has-background-color has-text-color\" style=\"margin-top:16px\">Herzlich willkommen auf meiner Seite, einem Ort, der der Sch\u00f6nheit und Inspiration zeitgen\u00f6ssischer Kunst gewidmet ist. Ich bin Gold Smiley, eine K\u00fcnstlerin aus K\u00f6ln und freue mich sehr, meine Werke mit Ihnen zu teilen. Hier finden Sie eine Sammlung einzigartiger St\u00fccke, die verschiedene Stile und Emotionen erkunden und dazu geschaffen wurden, Neugierde und Verbundenheit zu wecken.<\/p>\n\n\n\n<div class=\"wp-block-buttons is-layout-flex wp-container-core-buttons-is-layout-12dcd427 wp-block-buttons-is-layout-flex\" style=\"margin-top:var(--wp--preset--spacing--40)\">\n<div class=\"wp-block-button is-style-outline is-style-outline--1\"><a class=\"wp-block-button__link wp-element-button\" href=\"\/ueber\">\u00dcber mich<\/a><\/div>\n<\/div>\n<\/div>\n<\/div><figure class=\"wp-block-media-text__media\"><img loading=\"lazy\" decoding=\"async\" width=\"1024\" height=\"748\" src=\"https:\/\/goldsmiley.com\/wp-content\/uploads\/2024\/11\/photo_2024-11-23_09-46-00-1024x748.jpg\" alt=\"\" class=\"wp-image-95 size-full\" style=\"object-position:76% 30%\" srcset=\"https:\/\/goldsmiley.com\/wp-content\/uploads\/2024\/11\/photo_2024-11-23_09-46-00-1024x748.jpg 1024w, https:\/\/goldsmiley.com\/wp-content\/uploads\/2024\/11\/photo_2024-11-23_09-46-00-800x584.jpg 800w, https:\/\/goldsmiley.com\/wp-content\/uploads\/2024\/11\/photo_2024-11-23_09-46-00-768x561.jpg 768w, https:\/\/goldsmiley.com\/wp-content\/uploads\/2024\/11\/photo_2024-11-23_09-46-00-16x12.jpg 16w, https:\/\/goldsmiley.com\/wp-content\/uploads\/2024\/11\/photo_2024-11-23_09-46-00-600x438.jpg 600w, https:\/\/goldsmiley.com\/wp-content\/uploads\/2024\/11\/photo_2024-11-23_09-46-00-300x219.jpg 300w, https:\/\/goldsmiley.com\/wp-content\/uploads\/2024\/11\/photo_2024-11-23_09-46-00.jpg 1280w\" sizes=\"auto, (max-width: 1024px) 100vw, 1024px\" \/><\/figure><\/div>\n<\/div>\n\n\n\n<div class=\"wp-block-group alignfull has-tertiary-background-color has-background has-global-padding is-layout-constrained wp-container-core-group-is-layout-950d60f7 wp-block-group-is-layout-constrained\" id=\"produkte\" style=\"margin-top:0;margin-bottom:0;padding-top:var(--wp--preset--spacing--40);padding-right:var(--wp--preset--spacing--30);padding-bottom:var(--wp--preset--spacing--40);padding-left:var(--wp--preset--spacing--30)\">\n<div class=\"wp-block-group alignwide has-global-padding is-content-justification-left is-layout-constrained wp-container-core-group-is-layout-8b4c372c wp-block-group-is-layout-constrained\">\n<div class=\"wp-block-group alignwide is-vertical is-content-justification-left is-layout-flex wp-container-core-group-is-layout-dd225191 wp-block-group-is-layout-flex\">\n<div class=\"wp-block-group alignwide is-horizontal is-content-justification-left is-layout-flex wp-container-core-group-is-layout-a86bb09c wp-block-group-is-layout-flex\">\n<h2 class=\"wp-block-heading alignwide has-large-font-size\">Artstudio by Gold Smiley &#8211; Ihre Galerie f\u00fcr inspirierende Kunstwerke<\/h2>\n\n\n\n<p>St\u00f6bern Sie gerne, lassen Sie sich inspirieren und kontaktieren Sie mich, wenn ein  Kunstwerk Sie anspricht oder Sie Interesse an einem individuellen Werk haben. Ich w\u00fcnsche Ihnen eine spannende Reise in die Welt des modernen Ausdrucks.                                   <\/p>\n<\/div>\n\n\n\n<div class=\"wp-block-group has-global-padding is-layout-constrained wp-block-group-is-layout-constrained\">\n<div class=\"wp-block-buttons is-layout-flex wp-block-buttons-is-layout-flex\">\n<div class=\"wp-block-button\"><a class=\"wp-block-button__link wp-element-button\" href=\"\/galerie\">Kunstwerke entdecken<\/a><\/div>\n<\/div>\n<\/div>\n<\/div>\n<\/div>\n\n\n\n\n\n<div class=\"wp-block-columns alignwide is-layout-flex wp-container-core-columns-is-layout-28f84493 wp-block-columns-is-layout-flex\">\n<div class=\"wp-block-column is-layout-flow wp-block-column-is-layout-flow\">\n<figure class=\"wp-block-image size-full is-style-default\"><img loading=\"lazy\" decoding=\"async\" width=\"704\" height=\"880\" src=\"https:\/\/goldsmiley.com\/wp-content\/uploads\/2025\/10\/photo_2025-10-05_09-55-23-edited.jpg\" alt=\"\" class=\"wp-image-926\" style=\"aspect-ratio:1;object-fit:cover\" srcset=\"https:\/\/goldsmiley.com\/wp-content\/uploads\/2025\/10\/photo_2025-10-05_09-55-23-edited.jpg 704w, https:\/\/goldsmiley.com\/wp-content\/uploads\/2025\/10\/photo_2025-10-05_09-55-23-edited-640x800.jpg 640w, https:\/\/goldsmiley.com\/wp-content\/uploads\/2025\/10\/photo_2025-10-05_09-55-23-edited-10x12.jpg 10w, https:\/\/goldsmiley.com\/wp-content\/uploads\/2025\/10\/photo_2025-10-05_09-55-23-edited-600x750.jpg 600w\" sizes=\"auto, (max-width: 704px) 100vw, 704px\" \/><\/figure>\n\n\n\n<h3 class=\"wp-block-heading has-text-align-left\" style=\"margin-top:20px;font-size:clamp(14px, 0.875rem + ((1vw - 3.2px) * 0.208), 16px);\"><a href=\"https:\/\/goldsmiley.com\/de\/produkt\/nebel-acrylgemaelde-wald-i-abstrakte-kunst-auf-rohem-leinwand\/\" title=\"FOG I 100 x 80 cm I\">FOG I 100 x 80 cm I<\/a><\/h3>\n<\/div>\n\n\n\n<div class=\"wp-block-column is-layout-flow wp-block-column-is-layout-flow\">\n<figure class=\"wp-block-image size-large\"><a href=\"https:\/\/goldsmiley.com\/de\/produkt\/originalgemaelde-sommerregen-kunstwerk-abstraktes-acrylgemaelde-kopie\/\"><img loading=\"lazy\" decoding=\"async\" width=\"821\" height=\"1024\" src=\"https:\/\/goldsmiley.com\/wp-content\/uploads\/2025\/06\/photo_2025-06-13_15-35-47-821x1024.jpg\" alt=\"Stimmungsvolles Acryl-Mixed-Media-Gem\u00e4lde \u201eWhen der Sommerregen kommt\u201c auf ungespanntem Leinwand, 100x80 cm, inspiriert vom Zauber eines Sommerregens\" class=\"wp-image-711\" style=\"aspect-ratio:1;object-fit:cover\" srcset=\"https:\/\/goldsmiley.com\/wp-content\/uploads\/2025\/06\/photo_2025-06-13_15-35-47-821x1024.jpg 821w, https:\/\/goldsmiley.com\/wp-content\/uploads\/2025\/06\/photo_2025-06-13_15-35-47-641x800.jpg 641w, https:\/\/goldsmiley.com\/wp-content\/uploads\/2025\/06\/photo_2025-06-13_15-35-47-768x958.jpg 768w, https:\/\/goldsmiley.com\/wp-content\/uploads\/2025\/06\/photo_2025-06-13_15-35-47-10x12.jpg 10w, https:\/\/goldsmiley.com\/wp-content\/uploads\/2025\/06\/photo_2025-06-13_15-35-47-600x749.jpg 600w, https:\/\/goldsmiley.com\/wp-content\/uploads\/2025\/06\/photo_2025-06-13_15-35-47-240x300.jpg 240w, https:\/\/goldsmiley.com\/wp-content\/uploads\/2025\/06\/photo_2025-06-13_15-35-47.jpg 1026w\" sizes=\"auto, (max-width: 821px) 100vw, 821px\" \/><\/a><\/figure>\n\n\n\n<h3 class=\"wp-block-heading has-text-align-left\" style=\"margin-top:20px;font-size:clamp(14px, 0.875rem + ((1vw - 3.2px) * 0.208), 16px);\"><strong><a href=\"https:\/\/goldsmiley.com\/de\/produkt\/originalgemaelde-sommerregen-kunstwerk-abstraktes-acrylgemaelde-kopie\/\" title=\"Wenn der Sommerregen kommt\">WENN DER SOMMERSEGEN KOMMT| 80 x 100 cm<\/a> I <\/strong><\/h3>\n<\/div>\n\n\n\n<div class=\"wp-block-column is-layout-flow wp-block-column-is-layout-flow\">\n<figure class=\"wp-block-image size-large\"><a href=\"https:\/\/goldsmiley.com\/de\/produkt\/originalgemaelde-tempel-der-seele-unikat-kunswerk\/\"><img loading=\"lazy\" decoding=\"async\" width=\"819\" height=\"1024\" src=\"https:\/\/goldsmiley.com\/wp-content\/uploads\/2025\/06\/photo_2025-06-13_11-40-46-819x1024.jpg\" alt=\"\" class=\"wp-image-680\" style=\"aspect-ratio:1;object-fit:cover\" srcset=\"https:\/\/goldsmiley.com\/wp-content\/uploads\/2025\/06\/photo_2025-06-13_11-40-46-819x1024.jpg 819w, https:\/\/goldsmiley.com\/wp-content\/uploads\/2025\/06\/photo_2025-06-13_11-40-46-640x800.jpg 640w, https:\/\/goldsmiley.com\/wp-content\/uploads\/2025\/06\/photo_2025-06-13_11-40-46-768x960.jpg 768w, https:\/\/goldsmiley.com\/wp-content\/uploads\/2025\/06\/photo_2025-06-13_11-40-46-10x12.jpg 10w, https:\/\/goldsmiley.com\/wp-content\/uploads\/2025\/06\/photo_2025-06-13_11-40-46-600x750.jpg 600w, https:\/\/goldsmiley.com\/wp-content\/uploads\/2025\/06\/photo_2025-06-13_11-40-46-240x300.jpg 240w, https:\/\/goldsmiley.com\/wp-content\/uploads\/2025\/06\/photo_2025-06-13_11-40-46.jpg 1024w\" sizes=\"auto, (max-width: 819px) 100vw, 819px\" \/><\/a><\/figure>\n\n\n\n<h3 class=\"wp-block-heading has-text-align-left\" style=\"margin-top:20px;font-size:clamp(14px, 0.875rem + ((1vw - 3.2px) * 0.208), 16px);\"><strong><a href=\"https:\/\/goldsmiley.com\/de\/produkt\/originalgemaelde-tempel-der-seele-unikat-kunswerk\/\" title=\"Tempel der Seele\">TEMPEL DER SEELE | 100 cm x 100 cm<\/a><\/strong> I<\/h3>\n<\/div>\n<\/div>\n<\/div>\n\n\n\n<div class=\"wp-block-group alignfull has-background-background-color has-background has-global-padding is-layout-constrained wp-container-core-group-is-layout-4fd06951 wp-block-group-is-layout-constrained\" style=\"margin-top:0;margin-bottom:0;padding-top:var(--wp--preset--spacing--30);padding-right:var(--wp--preset--spacing--30);padding-bottom:var(--wp--preset--spacing--30);padding-left:var(--wp--preset--spacing--30)\">\n<div class=\"wp-block-columns alignwide are-vertically-aligned-center is-layout-flex wp-container-core-columns-is-layout-9effc7d7 wp-block-columns-is-layout-flex\">\n<div class=\"wp-block-column is-vertically-aligned-center is-layout-flow wp-block-column-is-layout-flow\">\n<figure class=\"wp-block-image size-full\"><a href=\"https:\/\/www.instagram.com\/goldsmiley.official\/\"><img loading=\"lazy\" decoding=\"async\" width=\"1024\" height=\"768\" src=\"https:\/\/goldsmiley.com\/wp-content\/uploads\/2025\/06\/photo_2025-06-13_16-33-07.jpg\" alt=\"\" class=\"wp-image-723\" style=\"aspect-ratio:4\/3;object-fit:cover\" srcset=\"https:\/\/goldsmiley.com\/wp-content\/uploads\/2025\/06\/photo_2025-06-13_16-33-07.jpg 1024w, https:\/\/goldsmiley.com\/wp-content\/uploads\/2025\/06\/photo_2025-06-13_16-33-07-800x600.jpg 800w, https:\/\/goldsmiley.com\/wp-content\/uploads\/2025\/06\/photo_2025-06-13_16-33-07-768x576.jpg 768w, https:\/\/goldsmiley.com\/wp-content\/uploads\/2025\/06\/photo_2025-06-13_16-33-07-16x12.jpg 16w, https:\/\/goldsmiley.com\/wp-content\/uploads\/2025\/06\/photo_2025-06-13_16-33-07-600x450.jpg 600w, https:\/\/goldsmiley.com\/wp-content\/uploads\/2025\/06\/photo_2025-06-13_16-33-07-300x225.jpg 300w\" sizes=\"auto, (max-width: 1024px) 100vw, 1024px\" \/><\/a><\/figure>\n<\/div>\n\n\n\n<div class=\"wp-block-column is-vertically-aligned-center is-layout-flow wp-block-column-is-layout-flow\" style=\"padding-bottom:var(--wp--preset--spacing--50)\">\n<h2 class=\"wp-block-heading has-large-font-size\">Bleiben Sie verbunden:<\/h2>\n\n\n\n<p style=\"margin-top:16px\">Folgen Sie mir gerne auf Instagram <a href=\"https:\/\/www.instagram.com\/goldsmiley.official\/\" target=\"_blank\" rel=\"noreferrer noopener\">@goldsmiley.official<\/a>, um \u00fcber neue Werke, Ausstellungen und Einblicke in meinen kreativen Prozess auf dem Laufenden zu bleiben<\/p>\n\n\n\n<div class=\"wp-block-buttons is-layout-flex wp-block-buttons-is-layout-flex\" style=\"margin-top:var(--wp--preset--spacing--40)\">\n<div class=\"wp-block-button\"><a class=\"wp-block-button__link wp-element-button\" href=\"https:\/\/www.instagram.com\/goldsmiley.official\/\" target=\"_blank\" rel=\"noreferrer noopener\">Auf  Instagram folgen<\/a><\/div>\n<\/div>\n<\/div>\n<\/div>\n<\/div>\n","protected":false},"excerpt":{"rendered":"<p>Willkommen in der Welt der zeitgen\u00f6ssischen Kunst Herzlich willkommen auf meiner Seite, einem Ort, der der Sch\u00f6nheit und Inspiration zeitgen\u00f6ssischer Kunst gewidmet ist. Ich bin Gold Smiley, eine K\u00fcnstlerin aus K\u00f6ln und freue mich sehr, meine Werke mit Ihnen zu teilen. Hier finden Sie eine Sammlung einzigartiger St\u00fccke, die verschiedene Stile und Emotionen erkunden und [&hellip;]<\/p>\n","protected":false},"author":1,"featured_media":0,"parent":0,"menu_order":0,"comment_status":"closed","ping_status":"closed","template":"no-title","meta":{"footnotes":""},"class_list":["post-23","page","type-page","status-publish","hentry"],"aioseo_notices":[],"_links":{"self":[{"href":"https:\/\/goldsmiley.com\/de\/wp-json\/wp\/v2\/pages\/23","targetHints":{"allow":["GET"]}}],"collection":[{"href":"https:\/\/goldsmiley.com\/de\/wp-json\/wp\/v2\/pages"}],"about":[{"href":"https:\/\/goldsmiley.com\/de\/wp-json\/wp\/v2\/types\/page"}],"author":[{"embeddable":true,"href":"https:\/\/goldsmiley.com\/de\/wp-json\/wp\/v2\/users\/1"}],"replies":[{"embeddable":true,"href":"https:\/\/goldsmiley.com\/de\/wp-json\/wp\/v2\/comments?post=23"}],"version-history":[{"count":60,"href":"https:\/\/goldsmiley.com\/de\/wp-json\/wp\/v2\/pages\/23\/revisions"}],"predecessor-version":[{"id":946,"href":"https:\/\/goldsmiley.com\/de\/wp-json\/wp\/v2\/pages\/23\/revisions\/946"}],"wp:attachment":[{"href":"https:\/\/goldsmiley.com\/de\/wp-json\/wp\/v2\/media?parent=23"}],"curies":[{"name":"wp","href":"https:\/\/api.w.org\/{rel}","templated":true}]}}