{"id":659,"date":"2025-06-02T09:57:45","date_gmt":"2025-06-02T09:57:45","guid":{"rendered":"https:\/\/goldsmiley.com\/?post_type=product&#038;p=659"},"modified":"2025-10-05T11:26:25","modified_gmt":"2025-10-05T11:26:25","slug":"originalgemaelde-sich-verlieben-unikat-kunswerk","status":"publish","type":"product","link":"https:\/\/goldsmiley.com\/de\/produkt\/originalgemaelde-sich-verlieben-unikat-kunswerk\/","title":{"rendered":"SICH VERLIEBEN | Originalgem\u00e4lde I Abstraktes Bild"},"content":{"rendered":"<p style=\"text-align: left;\"><strong>&#8222;SICH VERLIEBEN&#8220;<\/strong>\u00a0ist eine Explosion von Emotionen in Farbe \u2013 zart, mutig und unvorhersehbar. Das Bild atmet Spontaneit\u00e4t, Verletzlichkeit und die Sch\u00f6nheit des Moments, in dem man den Gef\u00fchlen erlaubt, die Kontrolle zu \u00fcbernehmen.<\/p>\n<p>Geschaffen f\u00fcr moderne Interiors, bringt es Energie und Tiefe in den Raum. Perfekt sowohl f\u00fcr helle, minimalistische Umgebungen als auch f\u00fcr individuelle, charakterstarke Einrichtungen \u2013 \u00fcberall dort, wo Kunst nicht nur gesehen, sondern gesp\u00fcrt wird.<\/p>\n<p><strong>\u2022 Inklusive hochwertigem Schattenfugenrahmen mit Aufh\u00e4ngung<\/strong><br \/>\n<strong>\u2022 Kostenlose Lieferung innerhalb Deutschlands und der E.U.<\/strong><br \/>\n<strong>\u2022 Lieferzeit ca. 7\u201314 Tage<\/strong><\/p>\n<p><em><strong>Wichtige Hinweise<\/strong><\/em><\/p>\n<p>*F\u00fcr Lieferungen innerhalb Deutschlands und der E.U.\u00a0wird das Gem\u00e4lde aufgespannt auf Keilrahmen versendet und ist sofort bereit zum Aufh\u00e4ngen. Hochwertiger Rahmen aus massiver Eiche inklusive.<\/p>\n<p>*Bei internationalen Bestellungen wird das Kunstwerk aus versandtechnischen Gr\u00fcnden vom Rahmen abgenommen und sorgf\u00e4ltig gerollt in einer Versandh\u00fclse verschickt.<\/p>\n<p>Bitte beachten Sie, dass die Farben auf verschiedenen Bildschirmen leicht abweichen k\u00f6nnen.<br \/>\n\u2764\ufe0f For orders outside the European Union, please contact me via e-mail or Instagram<\/p>\n","protected":false},"excerpt":{"rendered":"<p>Originalgem\u00e4lde der K\u00fcnstlerin Gold Smiley. Acryl auf Leinwand, 100 x 80 cm. Ein ausdrucksstarkes Unikat f\u00fcr moderne Interiors.<\/p>\n","protected":false},"featured_media":692,"template":"","meta":[],"product_brand":[93],"product_cat":[32,138],"product_tag":[35,34,90,38,39,89,53,83,75,79,49,50,59,57,85,67,77,65,64,87,86,66,80,81,72,70,73,71,41,40,74,52,68,58,88,82,78,91,56,47,69,62,43,42,51,55,37,36,84,48,61,60,54,45,44,63,46,76],"class_list":{"0":"post-659","1":"product","2":"type-product","3":"status-publish","4":"has-post-thumbnail","6":"product_brand-gold-smiley","7":"product_cat-abstrakte-kunst","8":"product_cat-gross-format","9":"product_tag-abstract-art","10":"product_tag-abstrakte-kunst","11":"product_tag-abstraktes-bild","12":"product_tag-acryl-auf-leinwand","13":"product_tag-acrylic-on-canvas","14":"product_tag-art-and-design","15":"product_tag-art-for-home","16":"product_tag-art-for-sale","17":"product_tag-art-from-cologne","18":"product_tag-artist-gallery","19":"product_tag-bedroom","20":"product_tag-buero","21":"product_tag-buy-art-online","22":"product_tag-buy-artwork","23":"product_tag-collectible","24":"product_tag-color-explosion","25":"product_tag-contemporary-art","26":"product_tag-emotional-art","27":"product_tag-emotionale-kunst","28":"product_tag-exclusive-art","29":"product_tag-exklusive-kunst","30":"product_tag-farbexplosion","31":"product_tag-galerie-shop","32":"product_tag-gallery-shop","33":"product_tag-geschenk-fuer-kunstliebhaber","34":"product_tag-geschenkidee","35":"product_tag-gift-for-art-lovers","36":"product_tag-gift-idea","37":"product_tag-hand-painted","38":"product_tag-handgemalt","39":"product_tag-kunst-aus-koeln","40":"product_tag-kunst-fuer-zuhause","41":"product_tag-kunst-mit-bedeutung","42":"product_tag-kunst-online-kaufen","43":"product_tag-kunst-und-design","44":"product_tag-kunst-zum-verkauf","45":"product_tag-kuenstlergalerie","46":"product_tag-kunstwerk-fuer-zuhause","47":"product_tag-kunstwerk-kaufen","48":"product_tag-living-room","49":"product_tag-meaningful-art","50":"product_tag-mit-echtheitszertifikat","51":"product_tag-modern-interior","52":"product_tag-modernes-interieur","53":"product_tag-office","54":"product_tag-one-of-a-kind","55":"product_tag-original-painting","56":"product_tag-originalgemaelde","57":"product_tag-sammlerstueck","58":"product_tag-schlafzimmer","59":"product_tag-signed","60":"product_tag-signiert","61":"product_tag-unikat","62":"product_tag-wall-art","63":"product_tag-wandkunst","64":"product_tag-with-certificate-of-authenticity","65":"product_tag-wohnzimmer","66":"product_tag-zeitgenoessische-kunst","68":"first","69":"instock","70":"sold-individually","71":"shipping-taxable","72":"purchasable","73":"product-type-simple"},"aioseo_notices":[],"_links":{"self":[{"href":"https:\/\/goldsmiley.com\/de\/wp-json\/wp\/v2\/product\/659","targetHints":{"allow":["GET"]}}],"collection":[{"href":"https:\/\/goldsmiley.com\/de\/wp-json\/wp\/v2\/product"}],"about":[{"href":"https:\/\/goldsmiley.com\/de\/wp-json\/wp\/v2\/types\/product"}],"wp:featuredmedia":[{"embeddable":true,"href":"https:\/\/goldsmiley.com\/de\/wp-json\/wp\/v2\/media\/692"}],"wp:attachment":[{"href":"https:\/\/goldsmiley.com\/de\/wp-json\/wp\/v2\/media?parent=659"}],"wp:term":[{"taxonomy":"product_brand","embeddable":true,"href":"https:\/\/goldsmiley.com\/de\/wp-json\/wp\/v2\/product_brand?post=659"},{"taxonomy":"product_cat","embeddable":true,"href":"https:\/\/goldsmiley.com\/de\/wp-json\/wp\/v2\/product_cat?post=659"},{"taxonomy":"product_tag","embeddable":true,"href":"https:\/\/goldsmiley.com\/de\/wp-json\/wp\/v2\/product_tag?post=659"}],"curies":[{"name":"wp","href":"https:\/\/api.w.org\/{rel}","templated":true}]}}